{"id":495,"date":"2023-02-23T17:17:28","date_gmt":"2023-02-23T16:17:28","guid":{"rendered":"https:\/\/www.karlovdvor.sk\/?page_id=495"},"modified":"2023-03-09T20:06:59","modified_gmt":"2023-03-09T19:06:59","slug":"karlov-dvor-historia","status":"publish","type":"page","link":"https:\/\/www.karlovdvor.sk\/?page_id=495","title":{"rendered":"Karlov dvor"},"content":{"rendered":"\n<blockquote class=\"wp-block-quote is-layout-flow wp-block-quote-is-layout-flow\"><p>Vidiecke s\u00eddlo Karlov dvor sa nach\u00e1dza v obci C\u00edfer, miestnej \u010dasti H\u00e1j uprostred zelene a pol\u00ed kam len oko dovid\u00ed. Ur\u010dite plat\u00ed, \u017ee pre n\u00e1jdenie jedine\u010dn\u00e9ho miesta pre v\u00e1\u0161 dokonal\u00fd event treba niekedy z\u00eds\u0165 aj z hlavn\u00fdch ciest. Usadlos\u0165 sa nach\u00e1dza len 10 kilometrov od Trnavy a mest\u00e1 ako Sere\u010f, Pezinok, Senec \u010di Bratislava s pri\u013eahl\u00fdmi obcami s\u00fa v bl\u00edzkosti desiatok kilometrov.<\/p><\/blockquote>\n\n\n\n<blockquote class=\"wp-block-quote is-layout-flow wp-block-quote-is-layout-flow\"><p>Hist\u00f3ria Karlova siaha do d\u00e1vnej minulosti. Toto, v s\u00fa\u010dasnosti malebn\u00e9 miesto, ale pred rokmi neopl\u00fdvalo kr\u00e1sou prostredia tak, ako je tomu dnes. Za v\u0161etk\u00fdm stoj\u00ed Henrich Slez\u00e1k (\u2020 56) so svojou rodinou, ktor\u00ed urobili z\u00a0Karlovho dvora doslova o\u00e1zu pokoja. V 50. rokoch im boli majetky zhaban\u00e9, vr\u00e1tane tohto objektu, av\u0161ak napokon sa op\u00e4\u0165 vr\u00e1tili do ich r\u00fak. Miesto bolo zdevastovan\u00e9, ale v\u010faka snahe a odhodlaniu rodiny Slez\u00e1kov\u00fdch sa v\u0161etko zmenilo na nepoznanie. &#8222;Bolo to v dezol\u00e1tnom stave. Ke\u010f \u013eudia, ktor\u00ed tu \u017eili a starali sa o dobytok, zistili, \u017ee sa sem vr\u00e1tia povodn\u00ed majitelia, v\u0161etko sa tu rozkradlo a\u00a0zni\u010dilo. Pe\u0148az\u00ed vtedy ve\u013ea nebolo tak pred nami st\u00e1la obrovsk\u00e1 v\u00fdzva, ako da\u0165 tomuto miestu nov\u00fd \u0161at,&#8220; priznal Henrich Slez\u00e1k, ktor\u00fd mal v hlave jasn\u00fa v\u00edziu. T\u00fa sa mu napokon za pomoci rodiny a jeho dvoch synov podarilo pretavi\u0165 do reality. Trvalo dlh\u00fdch 10 rokov k\u00fdm usadlos\u0165 zve\u013eadili do podoby, ak\u00fa m\u00e1 dnes. <\/p><\/blockquote>\n\n\n\n<blockquote class=\"wp-block-quote is-layout-flow wp-block-quote-is-layout-flow\"><p>Cie\u013eom bolo vytvori\u0165 miesto pre rodinn\u00e9 \u010di priate\u013esk\u00e9 stretnutia v atmosf\u00e9rou d\u00fdchaj\u00facom prostred\u00ed pri dobrom jedle, v\u00edne, \u010di \u0161portovom vy\u017eit\u00ed. Re\u0161taur\u00e1cia pod taktovkou jej majite\u013ea sa stala vyh\u013ead\u00e1vanou \u0161iroko \u010faleko. Pre He\u0148a, ako ho v\u0161etci famili\u00e1rne volali, bol Karlov dvor srdcovou z\u00e1le\u017eitos\u0165ou. On s\u00e1m bol medzi \u013eu\u010fmi ve\u013emi ob\u013e\u00faben\u00fd a v\u017edy ka\u017ed\u00e9ho v\u00edtal s \u00fasmevom a iskrou v o\u010diach. R\u00e1d tr\u00e1vil \u010das, len tak sediac na terase svojej usadlosti, kochaj\u00fac sa n\u00e1dhern\u00fdm v\u00fdh\u013eadom za \u0161tebotu vt\u00e1kov, ktor\u00e9 boli jedin\u00fdm ruchom v malebnom tichu tohto \u010darovn\u00e9ho miesta. Osud, zhoda n\u00e1hod a okolnost\u00ed v\u0161ak sp\u00f4sobili, \u017ee bol Karlov dvor od roku 2017 zatvoren\u00fd. Mnoh\u00ed \u013eudia t\u00fdm stratili miesto, ktor\u00e9 tak radi nav\u0161tevovali, a ktor\u00e9 im prir\u00e1stlo k srdcu. Po tom \u010do, vo febru\u00e1ri 2022 zakladate\u013e Henrich Slez\u00e1k ne\u010dakane zomrel, miesto stratilo svoju du\u0161u. Dnes v\u0161ak, po 6 rokoch, chyt\u00e1 Karlov dvor nov\u00fd dych a op\u00e4\u0165 otv\u00e1ra svoje br\u00e1ny, aby sa pokra\u010dovalo v odkaze jej zakladate\u013ea, pre ktor\u00e9ho malo toto magick\u00e9 miesto nevy\u010d\u00edslite\u013en\u00fa hodnotu.<\/p><\/blockquote>\n","protected":false},"excerpt":{"rendered":"<p>Vidiecke s\u00eddlo Karlov dvor sa nach\u00e1dza v obci C\u00edfer, miestnej \u010dasti H\u00e1j uprostred zelene a pol\u00ed kam len oko dovid\u00ed. Ur\u010dite plat\u00ed, \u017ee pre n\u00e1jdenie&hellip;<\/p>\n","protected":false},"author":1,"featured_media":0,"parent":0,"menu_order":0,"comment_status":"closed","ping_status":"closed","template":"","meta":{"_monsterinsights_skip_tracking":false,"_monsterinsights_sitenote_active":false,"_monsterinsights_sitenote_note":"","_monsterinsights_sitenote_category":0,"footnotes":""},"class_list":["post-495","page","type-page","status-publish","hentry"],"yoast_head":"<!-- This site is optimized with the Yoast SEO plugin v24.3 - https:\/\/yoast.com\/wordpress\/plugins\/seo\/ -->\n<title>Karlov dvor - Karlov Dvor C\u00edfer<\/title>\n<meta name=\"robots\" content=\"index, follow, max-snippet:-1, max-image-preview:large, max-video-preview:-1\" \/>\n<link rel=\"canonical\" href=\"https:\/\/www.karlovdvor.sk\/?page_id=495\" \/>\n<meta property=\"og:locale\" content=\"sk_SK\" \/>\n<meta property=\"og:type\" content=\"article\" \/>\n<meta property=\"og:title\" content=\"Karlov dvor - Karlov Dvor C\u00edfer\" \/>\n<meta property=\"og:description\" content=\"Vidiecke s\u00eddlo Karlov dvor sa nach\u00e1dza v obci C\u00edfer, miestnej \u010dasti H\u00e1j uprostred zelene a pol\u00ed kam len oko dovid\u00ed. Ur\u010dite plat\u00ed, \u017ee pre n\u00e1jdenie&hellip;\" \/>\n<meta property=\"og:url\" content=\"https:\/\/www.karlovdvor.sk\/?page_id=495\" \/>\n<meta property=\"og:site_name\" content=\"Karlov Dvor C\u00edfer\" \/>\n<meta property=\"article:modified_time\" content=\"2023-03-09T19:06:59+00:00\" \/>\n<meta name=\"twitter:card\" content=\"summary_large_image\" \/>\n<meta name=\"twitter:label1\" content=\"Predpokladan\u00fd \u010das \u010d\u00edtania\" \/>\n\t<meta name=\"twitter:data1\" content=\"2 min\u00faty\" \/>\n<script type=\"application\/ld+json\" class=\"yoast-schema-graph\">{\"@context\":\"https:\/\/schema.org\",\"@graph\":[{\"@type\":\"WebPage\",\"@id\":\"https:\/\/www.karlovdvor.sk\/?page_id=495\",\"url\":\"https:\/\/www.karlovdvor.sk\/?page_id=495\",\"name\":\"Karlov dvor - Karlov Dvor C\u00edfer\",\"isPartOf\":{\"@id\":\"https:\/\/www.karlovdvor.sk\/#website\"},\"datePublished\":\"2023-02-23T16:17:28+00:00\",\"dateModified\":\"2023-03-09T19:06:59+00:00\",\"breadcrumb\":{\"@id\":\"https:\/\/www.karlovdvor.sk\/?page_id=495#breadcrumb\"},\"inLanguage\":\"sk-SK\",\"potentialAction\":[{\"@type\":\"ReadAction\",\"target\":[\"https:\/\/www.karlovdvor.sk\/?page_id=495\"]}]},{\"@type\":\"BreadcrumbList\",\"@id\":\"https:\/\/www.karlovdvor.sk\/?page_id=495#breadcrumb\",\"itemListElement\":[{\"@type\":\"ListItem\",\"position\":1,\"name\":\"Home\",\"item\":\"https:\/\/www.karlovdvor.sk\/\"},{\"@type\":\"ListItem\",\"position\":2,\"name\":\"Karlov dvor\"}]},{\"@type\":\"WebSite\",\"@id\":\"https:\/\/www.karlovdvor.sk\/#website\",\"url\":\"https:\/\/www.karlovdvor.sk\/\",\"name\":\"Karlov Dvor C\u00edfer\",\"description\":\"\",\"publisher\":{\"@id\":\"https:\/\/www.karlovdvor.sk\/#organization\"},\"potentialAction\":[{\"@type\":\"SearchAction\",\"target\":{\"@type\":\"EntryPoint\",\"urlTemplate\":\"https:\/\/www.karlovdvor.sk\/?s={search_term_string}\"},\"query-input\":{\"@type\":\"PropertyValueSpecification\",\"valueRequired\":true,\"valueName\":\"search_term_string\"}}],\"inLanguage\":\"sk-SK\"},{\"@type\":\"Organization\",\"@id\":\"https:\/\/www.karlovdvor.sk\/#organization\",\"name\":\"Karlov Dvor C\u00edfer\",\"url\":\"https:\/\/www.karlovdvor.sk\/\",\"logo\":{\"@type\":\"ImageObject\",\"inLanguage\":\"sk-SK\",\"@id\":\"https:\/\/www.karlovdvor.sk\/#\/schema\/logo\/image\/\",\"url\":\"https:\/\/www.karlovdvor.sk\/wp-content\/uploads\/2021\/07\/cropped-logo_kd_blanc.png\",\"contentUrl\":\"https:\/\/www.karlovdvor.sk\/wp-content\/uploads\/2021\/07\/cropped-logo_kd_blanc.png\",\"width\":1241,\"height\":1126,\"caption\":\"Karlov Dvor C\u00edfer\"},\"image\":{\"@id\":\"https:\/\/www.karlovdvor.sk\/#\/schema\/logo\/image\/\"}}]}<\/script>\n<!-- \/ Yoast SEO plugin. -->","yoast_head_json":{"title":"Karlov dvor - Karlov Dvor C\u00edfer","robots":{"index":"index","follow":"follow","max-snippet":"max-snippet:-1","max-image-preview":"max-image-preview:large","max-video-preview":"max-video-preview:-1"},"canonical":"https:\/\/www.karlovdvor.sk\/?page_id=495","og_locale":"sk_SK","og_type":"article","og_title":"Karlov dvor - Karlov Dvor C\u00edfer","og_description":"Vidiecke s\u00eddlo Karlov dvor sa nach\u00e1dza v obci C\u00edfer, miestnej \u010dasti H\u00e1j uprostred zelene a pol\u00ed kam len oko dovid\u00ed. Ur\u010dite plat\u00ed, \u017ee pre n\u00e1jdenie&hellip;","og_url":"https:\/\/www.karlovdvor.sk\/?page_id=495","og_site_name":"Karlov Dvor C\u00edfer","article_modified_time":"2023-03-09T19:06:59+00:00","twitter_card":"summary_large_image","twitter_misc":{"Predpokladan\u00fd \u010das \u010d\u00edtania":"2 min\u00faty"},"schema":{"@context":"https:\/\/schema.org","@graph":[{"@type":"WebPage","@id":"https:\/\/www.karlovdvor.sk\/?page_id=495","url":"https:\/\/www.karlovdvor.sk\/?page_id=495","name":"Karlov dvor - Karlov Dvor C\u00edfer","isPartOf":{"@id":"https:\/\/www.karlovdvor.sk\/#website"},"datePublished":"2023-02-23T16:17:28+00:00","dateModified":"2023-03-09T19:06:59+00:00","breadcrumb":{"@id":"https:\/\/www.karlovdvor.sk\/?page_id=495#breadcrumb"},"inLanguage":"sk-SK","potentialAction":[{"@type":"ReadAction","target":["https:\/\/www.karlovdvor.sk\/?page_id=495"]}]},{"@type":"BreadcrumbList","@id":"https:\/\/www.karlovdvor.sk\/?page_id=495#breadcrumb","itemListElement":[{"@type":"ListItem","position":1,"name":"Home","item":"https:\/\/www.karlovdvor.sk\/"},{"@type":"ListItem","position":2,"name":"Karlov dvor"}]},{"@type":"WebSite","@id":"https:\/\/www.karlovdvor.sk\/#website","url":"https:\/\/www.karlovdvor.sk\/","name":"Karlov Dvor C\u00edfer","description":"","publisher":{"@id":"https:\/\/www.karlovdvor.sk\/#organization"},"potentialAction":[{"@type":"SearchAction","target":{"@type":"EntryPoint","urlTemplate":"https:\/\/www.karlovdvor.sk\/?s={search_term_string}"},"query-input":{"@type":"PropertyValueSpecification","valueRequired":true,"valueName":"search_term_string"}}],"inLanguage":"sk-SK"},{"@type":"Organization","@id":"https:\/\/www.karlovdvor.sk\/#organization","name":"Karlov Dvor C\u00edfer","url":"https:\/\/www.karlovdvor.sk\/","logo":{"@type":"ImageObject","inLanguage":"sk-SK","@id":"https:\/\/www.karlovdvor.sk\/#\/schema\/logo\/image\/","url":"https:\/\/www.karlovdvor.sk\/wp-content\/uploads\/2021\/07\/cropped-logo_kd_blanc.png","contentUrl":"https:\/\/www.karlovdvor.sk\/wp-content\/uploads\/2021\/07\/cropped-logo_kd_blanc.png","width":1241,"height":1126,"caption":"Karlov Dvor C\u00edfer"},"image":{"@id":"https:\/\/www.karlovdvor.sk\/#\/schema\/logo\/image\/"}}]}},"_links":{"self":[{"href":"https:\/\/www.karlovdvor.sk\/index.php?rest_route=\/wp\/v2\/pages\/495","targetHints":{"allow":["GET"]}}],"collection":[{"href":"https:\/\/www.karlovdvor.sk\/index.php?rest_route=\/wp\/v2\/pages"}],"about":[{"href":"https:\/\/www.karlovdvor.sk\/index.php?rest_route=\/wp\/v2\/types\/page"}],"author":[{"embeddable":true,"href":"https:\/\/www.karlovdvor.sk\/index.php?rest_route=\/wp\/v2\/users\/1"}],"replies":[{"embeddable":true,"href":"https:\/\/www.karlovdvor.sk\/index.php?rest_route=%2Fwp%2Fv2%2Fcomments&post=495"}],"version-history":[{"count":6,"href":"https:\/\/www.karlovdvor.sk\/index.php?rest_route=\/wp\/v2\/pages\/495\/revisions"}],"predecessor-version":[{"id":568,"href":"https:\/\/www.karlovdvor.sk\/index.php?rest_route=\/wp\/v2\/pages\/495\/revisions\/568"}],"wp:attachment":[{"href":"https:\/\/www.karlovdvor.sk\/index.php?rest_route=%2Fwp%2Fv2%2Fmedia&parent=495"}],"curies":[{"name":"wp","href":"https:\/\/api.w.org\/{rel}","templated":true}]}}