{"id":496,"date":"2023-02-23T17:17:28","date_gmt":"2023-02-23T16:17:28","guid":{"rendered":"https:\/\/www.karlovdvor.sk\/?page_id=496"},"modified":"2023-03-02T17:39:37","modified_gmt":"2023-03-02T16:39:37","slug":"svadby","status":"publish","type":"page","link":"https:\/\/www.karlovdvor.sk\/?page_id=496","title":{"rendered":"Svadba"},"content":{"rendered":"\n<p><\/p>\n\n\n\n<blockquote class=\"wp-block-quote is-layout-flow wp-block-quote-is-layout-flow\"><p><strong>Jedine\u010dn\u00e1 svadba na Karlovom dvore<\/strong><\/p><p>D\u00f4le\u017eitou s\u00fa\u010das\u0165ou pl\u00e1novania V\u00e1\u0161ho ve\u013ek\u00e9ho d\u0148a je bezpochyby aj v\u00fdber miesta, kde pre\u017eijete jedny z najkraj\u0161\u00edch chv\u00ed\u013e svojho \u017eivota. Usadlos\u0165 Karlov dvor V\u00e1m pon\u00faka exkluz\u00edvny priestor pre Va\u0161u nezabudnute\u013en\u00fa svadbu, na ktor\u00fa budete nielen Vy, ale aj Va\u0161i hostia e\u0161te dlho spom\u00edna\u0165. Ne\u010dakajte v\u0161ak ni\u010d oby\u010dajn\u00e9. V\u00e1\u0161 ve\u013ek\u00fd de\u0148 sa toti\u017e bude odohr\u00e1va\u0165 na priestrannej zastre\u0161enej terase s parketom a v\u00fdh\u013eadom na \u010falek\u00e9 polia a zele\u0148, ktor\u00e9 dotv\u00e1raj\u00fa \u010darovn\u00fa atmosf\u00e9ru tohto miesta. Vn\u00fatorn\u00e1 men\u0161ia s\u00e1la V\u00e1s zase pote\u0161\u00ed \u0161t\u00fdlov\u00fdm barom a ve\u013ekorys\u00fdm priestorom pre catering.<\/p><\/blockquote>\n\n\n\n<blockquote class=\"wp-block-quote is-layout-flow wp-block-quote-is-layout-flow\"><p><strong>Svadobn\u00fd obrad<\/strong><\/p><p>Je len na V\u00e1s, ktor\u00e9 miesto si u n\u00e1s vyberiete na svoj sl\u00e1vnostn\u00fd sob\u00e1\u0161. Karlov dvor v\u00e1m pon\u00faka hne\u010f nieko\u013eko mo\u017enost\u00ed. Svoje &#8222;\u00e1no&#8220; si m\u00f4\u017eete poveda\u0165 v kr\u00e1snom prostred\u00ed pod hol\u00fdm nebom priamo na usadlosti, \u010do m\u00e1 rozhodne svoje \u010daro. Pon\u00fakame V\u00e1m v\u0161ak aj mo\u017enos\u0165 sob\u00e1\u0161a v na\u0161ej s\u00fakromnej vysv\u00e4tenej kaplnke, ktor\u00e1 pre\u0161la kompletnou rekon\u0161trukciou. Predstava, kr\u00e1\u010da\u0165 do sv\u00e4tost\u00e1nku po kamennom chodn\u00ed\u010dku, ktor\u00fd lemuj\u00fa sviece dotv\u00e1raj\u00face sl\u00e1vnostn\u00fa atmosf\u00e9ru rozb\u00fa\u0161i srdce nejednej romantickej du\u0161e.<\/p><\/blockquote>\n\n\n\n<blockquote class=\"wp-block-quote is-layout-flow wp-block-quote-is-layout-flow\"><p><strong>Svadobn\u00e9 sedenie<\/strong><\/p><p>Usadlos\u0165 Karlov dvor d\u00fdcha atmosf\u00e9rou vidieka, ale aj miesta, ktor\u00e9 dok\u00e1\u017eeme premeni\u0165 na luxusn\u00fd a nezabudnute\u013en\u00fd priestor pre Va\u0161u dokonal\u00fa svadbu. Ak t\u00fa\u017eite po n\u00e1dychu tradi\u010dn\u00e9ho a vidieckeho, ste rozhodne na spr\u00e1vnom mieste. T\u00fato atmosf\u00e9ru podtrhne \u0161t\u00fdlov\u00e9 dreven\u00e9 sedenie, ktor\u00e9 dod\u00e1 v\u0161etk\u00e9mu ten spr\u00e1vny \u0161mrnc. Ak V\u00e1m v\u0161ak srdce pi\u0161t\u00ed po snehobielych okr\u00fahlych stoloch s chiavari stoli\u010dkami, vieme V\u00e1m splni\u0165 aj toto \u017eelanie. V\u0161etko z\u00e1vis\u00ed len od V\u00e1\u0161ho v\u00fdberu. <\/p><\/blockquote>\n\n\n\n<blockquote class=\"wp-block-quote is-layout-flow wp-block-quote-is-layout-flow\"><p><strong> Svadobn\u00e1 hostina<\/strong><\/p><p>Exkluz\u00edvnu hostinu pre V\u00e1s napl\u00e1nujeme do posledn\u00e9ho detailu. V spolupr\u00e1ci s na\u0161imi overen\u00fdmi \u0161pecialistami na catering V\u00e1m prinesieme na stoly gastronomick\u00fd z\u00e1\u017eitok. Od welcome drinkov a uv\u00edtacieho ob\u010derstvenia, cez chutn\u00e9 svadobn\u00e9 menu a\u017e po pestr\u00fd polno\u010dn\u00fd bufet. M\u00e1me v\u0161ak pre V\u00e1s aj nie\u010do \u0161peci\u00e1lne. Prepojenie vn\u00fatorn\u00fdch a ve\u013ekorys\u00fdch vonkaj\u0161\u00edch priestorov n\u00e1m toti\u017e d\u00e1va mo\u017enos\u0165, pon\u00faknu\u0165 V\u00e1m z\u00e1\u017eitok vo forme &#8222;live cooking&#8220;, kedy bude n\u00e1\u0161 kuch\u00e1r pripravova\u0165 \u0161peciality priamo pred zrakom va\u0161ich host\u00ed, \u010do m\u00f4\u017ee by\u0165 pr\u00edjemn\u00fdm spestren\u00edm va\u0161ej hostiny.<\/p><\/blockquote>\n\n\n\n<blockquote class=\"wp-block-quote is-layout-flow wp-block-quote-is-layout-flow\"><p><strong> Ubytovanie<\/strong><\/p><p>Karlov dvor pon\u00faka mladoman\u017eelom mo\u017enos\u0165 ubytovania priamo v hlavnej budove. K dispoz\u00edcii s\u00fa, priestrann\u00fd apartm\u00e1n a\u017e pre 3 osoby s k\u00fape\u013e\u0148ou a \u010fal\u0161ia ve\u013ek\u00e1 samostatn\u00e1 izba s man\u017eelskou poste\u013eou a soci\u00e1lnym zariaden\u00edm. Tieto priestory V\u00e1m m\u00f4\u017eu posl\u00fa\u017ei\u0165 nielen na str\u00e1venie noci po poriadnom svadobnom \u017e\u00fare, ale aj po\u010das svadobn\u00fdch pr\u00edprav, \u010di len tak na oddych.<\/p><\/blockquote>\n\n\n\n<p><\/p>\n","protected":false},"excerpt":{"rendered":"<p>Jedine\u010dn\u00e1 svadba na Karlovom dvore D\u00f4le\u017eitou s\u00fa\u010das\u0165ou pl\u00e1novania V\u00e1\u0161ho ve\u013ek\u00e9ho d\u0148a je bezpochyby aj v\u00fdber miesta, kde pre\u017eijete jedny z najkraj\u0161\u00edch chv\u00ed\u013e svojho \u017eivota. Usadlos\u0165&hellip;<\/p>\n","protected":false},"author":1,"featured_media":462,"parent":0,"menu_order":0,"comment_status":"closed","ping_status":"closed","template":"","meta":{"_monsterinsights_skip_tracking":false,"_monsterinsights_sitenote_active":false,"_monsterinsights_sitenote_note":"","_monsterinsights_sitenote_category":0,"footnotes":""},"class_list":["post-496","page","type-page","status-publish","has-post-thumbnail","hentry"],"yoast_head":"<!-- This site is optimized with the Yoast SEO plugin v24.3 - https:\/\/yoast.com\/wordpress\/plugins\/seo\/ -->\n<title>Svadba - Karlov Dvor C\u00edfer<\/title>\n<meta name=\"robots\" content=\"index, follow, max-snippet:-1, max-image-preview:large, max-video-preview:-1\" \/>\n<link rel=\"canonical\" href=\"https:\/\/www.karlovdvor.sk\/?page_id=496\" \/>\n<meta property=\"og:locale\" content=\"sk_SK\" \/>\n<meta property=\"og:type\" content=\"article\" \/>\n<meta property=\"og:title\" content=\"Svadba - Karlov Dvor C\u00edfer\" \/>\n<meta property=\"og:description\" content=\"Jedine\u010dn\u00e1 svadba na Karlovom dvore D\u00f4le\u017eitou s\u00fa\u010das\u0165ou pl\u00e1novania V\u00e1\u0161ho ve\u013ek\u00e9ho d\u0148a je bezpochyby aj v\u00fdber miesta, kde pre\u017eijete jedny z najkraj\u0161\u00edch chv\u00ed\u013e svojho \u017eivota. Usadlos\u0165&hellip;\" \/>\n<meta property=\"og:url\" content=\"https:\/\/www.karlovdvor.sk\/?page_id=496\" \/>\n<meta property=\"og:site_name\" content=\"Karlov Dvor C\u00edfer\" \/>\n<meta property=\"article:modified_time\" content=\"2023-03-02T16:39:37+00:00\" \/>\n<meta property=\"og:image\" content=\"https:\/\/www.karlovdvor.sk\/wp-content\/uploads\/2023\/02\/karlov-svadba-2.jpg\" \/>\n\t<meta property=\"og:image:width\" content=\"2048\" \/>\n\t<meta property=\"og:image:height\" content=\"1367\" \/>\n\t<meta property=\"og:image:type\" content=\"image\/jpeg\" \/>\n<meta name=\"twitter:card\" content=\"summary_large_image\" \/>\n<meta name=\"twitter:label1\" content=\"Predpokladan\u00fd \u010das \u010d\u00edtania\" \/>\n\t<meta name=\"twitter:data1\" content=\"2 min\u00faty\" \/>\n<script type=\"application\/ld+json\" class=\"yoast-schema-graph\">{\"@context\":\"https:\/\/schema.org\",\"@graph\":[{\"@type\":\"WebPage\",\"@id\":\"https:\/\/www.karlovdvor.sk\/?page_id=496\",\"url\":\"https:\/\/www.karlovdvor.sk\/?page_id=496\",\"name\":\"Svadba - Karlov Dvor C\u00edfer\",\"isPartOf\":{\"@id\":\"https:\/\/www.karlovdvor.sk\/#website\"},\"primaryImageOfPage\":{\"@id\":\"https:\/\/www.karlovdvor.sk\/?page_id=496#primaryimage\"},\"image\":{\"@id\":\"https:\/\/www.karlovdvor.sk\/?page_id=496#primaryimage\"},\"thumbnailUrl\":\"https:\/\/www.karlovdvor.sk\/wp-content\/uploads\/2023\/02\/karlov-svadba-2.jpg\",\"datePublished\":\"2023-02-23T16:17:28+00:00\",\"dateModified\":\"2023-03-02T16:39:37+00:00\",\"breadcrumb\":{\"@id\":\"https:\/\/www.karlovdvor.sk\/?page_id=496#breadcrumb\"},\"inLanguage\":\"sk-SK\",\"potentialAction\":[{\"@type\":\"ReadAction\",\"target\":[\"https:\/\/www.karlovdvor.sk\/?page_id=496\"]}]},{\"@type\":\"ImageObject\",\"inLanguage\":\"sk-SK\",\"@id\":\"https:\/\/www.karlovdvor.sk\/?page_id=496#primaryimage\",\"url\":\"https:\/\/www.karlovdvor.sk\/wp-content\/uploads\/2023\/02\/karlov-svadba-2.jpg\",\"contentUrl\":\"https:\/\/www.karlovdvor.sk\/wp-content\/uploads\/2023\/02\/karlov-svadba-2.jpg\",\"width\":2048,\"height\":1367},{\"@type\":\"BreadcrumbList\",\"@id\":\"https:\/\/www.karlovdvor.sk\/?page_id=496#breadcrumb\",\"itemListElement\":[{\"@type\":\"ListItem\",\"position\":1,\"name\":\"Home\",\"item\":\"https:\/\/www.karlovdvor.sk\/\"},{\"@type\":\"ListItem\",\"position\":2,\"name\":\"Svadba\"}]},{\"@type\":\"WebSite\",\"@id\":\"https:\/\/www.karlovdvor.sk\/#website\",\"url\":\"https:\/\/www.karlovdvor.sk\/\",\"name\":\"Karlov Dvor C\u00edfer\",\"description\":\"\",\"publisher\":{\"@id\":\"https:\/\/www.karlovdvor.sk\/#organization\"},\"potentialAction\":[{\"@type\":\"SearchAction\",\"target\":{\"@type\":\"EntryPoint\",\"urlTemplate\":\"https:\/\/www.karlovdvor.sk\/?s={search_term_string}\"},\"query-input\":{\"@type\":\"PropertyValueSpecification\",\"valueRequired\":true,\"valueName\":\"search_term_string\"}}],\"inLanguage\":\"sk-SK\"},{\"@type\":\"Organization\",\"@id\":\"https:\/\/www.karlovdvor.sk\/#organization\",\"name\":\"Karlov Dvor C\u00edfer\",\"url\":\"https:\/\/www.karlovdvor.sk\/\",\"logo\":{\"@type\":\"ImageObject\",\"inLanguage\":\"sk-SK\",\"@id\":\"https:\/\/www.karlovdvor.sk\/#\/schema\/logo\/image\/\",\"url\":\"https:\/\/www.karlovdvor.sk\/wp-content\/uploads\/2021\/07\/cropped-logo_kd_blanc.png\",\"contentUrl\":\"https:\/\/www.karlovdvor.sk\/wp-content\/uploads\/2021\/07\/cropped-logo_kd_blanc.png\",\"width\":1241,\"height\":1126,\"caption\":\"Karlov Dvor C\u00edfer\"},\"image\":{\"@id\":\"https:\/\/www.karlovdvor.sk\/#\/schema\/logo\/image\/\"}}]}<\/script>\n<!-- \/ Yoast SEO plugin. -->","yoast_head_json":{"title":"Svadba - Karlov Dvor C\u00edfer","robots":{"index":"index","follow":"follow","max-snippet":"max-snippet:-1","max-image-preview":"max-image-preview:large","max-video-preview":"max-video-preview:-1"},"canonical":"https:\/\/www.karlovdvor.sk\/?page_id=496","og_locale":"sk_SK","og_type":"article","og_title":"Svadba - Karlov Dvor C\u00edfer","og_description":"Jedine\u010dn\u00e1 svadba na Karlovom dvore D\u00f4le\u017eitou s\u00fa\u010das\u0165ou pl\u00e1novania V\u00e1\u0161ho ve\u013ek\u00e9ho d\u0148a je bezpochyby aj v\u00fdber miesta, kde pre\u017eijete jedny z najkraj\u0161\u00edch chv\u00ed\u013e svojho \u017eivota. Usadlos\u0165&hellip;","og_url":"https:\/\/www.karlovdvor.sk\/?page_id=496","og_site_name":"Karlov Dvor C\u00edfer","article_modified_time":"2023-03-02T16:39:37+00:00","og_image":[{"width":2048,"height":1367,"url":"https:\/\/www.karlovdvor.sk\/wp-content\/uploads\/2023\/02\/karlov-svadba-2.jpg","type":"image\/jpeg"}],"twitter_card":"summary_large_image","twitter_misc":{"Predpokladan\u00fd \u010das \u010d\u00edtania":"2 min\u00faty"},"schema":{"@context":"https:\/\/schema.org","@graph":[{"@type":"WebPage","@id":"https:\/\/www.karlovdvor.sk\/?page_id=496","url":"https:\/\/www.karlovdvor.sk\/?page_id=496","name":"Svadba - Karlov Dvor C\u00edfer","isPartOf":{"@id":"https:\/\/www.karlovdvor.sk\/#website"},"primaryImageOfPage":{"@id":"https:\/\/www.karlovdvor.sk\/?page_id=496#primaryimage"},"image":{"@id":"https:\/\/www.karlovdvor.sk\/?page_id=496#primaryimage"},"thumbnailUrl":"https:\/\/www.karlovdvor.sk\/wp-content\/uploads\/2023\/02\/karlov-svadba-2.jpg","datePublished":"2023-02-23T16:17:28+00:00","dateModified":"2023-03-02T16:39:37+00:00","breadcrumb":{"@id":"https:\/\/www.karlovdvor.sk\/?page_id=496#breadcrumb"},"inLanguage":"sk-SK","potentialAction":[{"@type":"ReadAction","target":["https:\/\/www.karlovdvor.sk\/?page_id=496"]}]},{"@type":"ImageObject","inLanguage":"sk-SK","@id":"https:\/\/www.karlovdvor.sk\/?page_id=496#primaryimage","url":"https:\/\/www.karlovdvor.sk\/wp-content\/uploads\/2023\/02\/karlov-svadba-2.jpg","contentUrl":"https:\/\/www.karlovdvor.sk\/wp-content\/uploads\/2023\/02\/karlov-svadba-2.jpg","width":2048,"height":1367},{"@type":"BreadcrumbList","@id":"https:\/\/www.karlovdvor.sk\/?page_id=496#breadcrumb","itemListElement":[{"@type":"ListItem","position":1,"name":"Home","item":"https:\/\/www.karlovdvor.sk\/"},{"@type":"ListItem","position":2,"name":"Svadba"}]},{"@type":"WebSite","@id":"https:\/\/www.karlovdvor.sk\/#website","url":"https:\/\/www.karlovdvor.sk\/","name":"Karlov Dvor C\u00edfer","description":"","publisher":{"@id":"https:\/\/www.karlovdvor.sk\/#organization"},"potentialAction":[{"@type":"SearchAction","target":{"@type":"EntryPoint","urlTemplate":"https:\/\/www.karlovdvor.sk\/?s={search_term_string}"},"query-input":{"@type":"PropertyValueSpecification","valueRequired":true,"valueName":"search_term_string"}}],"inLanguage":"sk-SK"},{"@type":"Organization","@id":"https:\/\/www.karlovdvor.sk\/#organization","name":"Karlov Dvor C\u00edfer","url":"https:\/\/www.karlovdvor.sk\/","logo":{"@type":"ImageObject","inLanguage":"sk-SK","@id":"https:\/\/www.karlovdvor.sk\/#\/schema\/logo\/image\/","url":"https:\/\/www.karlovdvor.sk\/wp-content\/uploads\/2021\/07\/cropped-logo_kd_blanc.png","contentUrl":"https:\/\/www.karlovdvor.sk\/wp-content\/uploads\/2021\/07\/cropped-logo_kd_blanc.png","width":1241,"height":1126,"caption":"Karlov Dvor C\u00edfer"},"image":{"@id":"https:\/\/www.karlovdvor.sk\/#\/schema\/logo\/image\/"}}]}},"_links":{"self":[{"href":"https:\/\/www.karlovdvor.sk\/index.php?rest_route=\/wp\/v2\/pages\/496","targetHints":{"allow":["GET"]}}],"collection":[{"href":"https:\/\/www.karlovdvor.sk\/index.php?rest_route=\/wp\/v2\/pages"}],"about":[{"href":"https:\/\/www.karlovdvor.sk\/index.php?rest_route=\/wp\/v2\/types\/page"}],"author":[{"embeddable":true,"href":"https:\/\/www.karlovdvor.sk\/index.php?rest_route=\/wp\/v2\/users\/1"}],"replies":[{"embeddable":true,"href":"https:\/\/www.karlovdvor.sk\/index.php?rest_route=%2Fwp%2Fv2%2Fcomments&post=496"}],"version-history":[{"count":5,"href":"https:\/\/www.karlovdvor.sk\/index.php?rest_route=\/wp\/v2\/pages\/496\/revisions"}],"predecessor-version":[{"id":566,"href":"https:\/\/www.karlovdvor.sk\/index.php?rest_route=\/wp\/v2\/pages\/496\/revisions\/566"}],"wp:featuredmedia":[{"embeddable":true,"href":"https:\/\/www.karlovdvor.sk\/index.php?rest_route=\/wp\/v2\/media\/462"}],"wp:attachment":[{"href":"https:\/\/www.karlovdvor.sk\/index.php?rest_route=%2Fwp%2Fv2%2Fmedia&parent=496"}],"curies":[{"name":"wp","href":"https:\/\/api.w.org\/{rel}","templated":true}]}}